{"id":222653,"date":"2019-10-11T10:00:30","date_gmt":"2019-10-11T08:00:30","guid":{"rendered":"http:\/\/demos.lovelyconfetti.com\/emma\/?post_type=product&#038;p=222653"},"modified":"2019-10-28T21:22:39","modified_gmt":"2019-10-28T20:22:39","slug":"product-1","status":"publish","type":"product","link":"https:\/\/www.marzicake.cz\/?product=product-1","title":{"rendered":"Sladk\u00e1 inspirace"},"content":{"rendered":"","protected":false},"excerpt":{"rendered":"<p>Knihu <strong>Sladk\u00e1 inspirace<\/strong> bude mo\u017en\u00e9 zakoupit v p\u0159edprodeji na webu a\u017e t\u00fdden p\u0159ed k\u0159tem a to od <strong>10.11.2019<\/strong>.<\/p>\n<p>Kniha m\u016f\u017ee slou\u017eit jako inspirace pro v\u00e1s, kte\u0159\u00ed milujete sladk\u00e9 nebo pl\u00e1nujete r\u016fzn\u00e9 rodinn\u00e9 oslavy. Porad\u00ed i p\u0159i velk\u00fdch slavnostn\u00edch p\u0159\u00edle\u017eitostech. Je p\u0159edev\u0161\u00edm o sladk\u00e9m designu.<\/p>\n<p>P\u0159esto\u017ee je pouze o sladk\u00e9m, nen\u00ed motivac\u00ed k jeho ka\u017edodenn\u00ed konzumaci. Sladkost by m\u011bla b\u00fdt slavnost. A p\u0159esn\u011b tak i j\u00e1 ke sladkostem p\u0159istupuji. Proto je kniha \u010dlen\u011bna na \u010d\u00e1sti, podle nejv\u00fdznamn\u011bj\u0161\u00edch slavnostn\u00edch ud\u00e1lost\u00ed v\u00a0roce.<\/p>\n<p><strong><em>Kniha je vyd\u00e1v\u00e1na ve spolupr\u00e1ci s Kapkou nad\u011bje. Zakoupen\u00edm t\u00e9to knihy podpo\u0159\u00edte nadaci pom\u00e1haj\u00edc\u00ed d\u011btsk\u00fdm onkologick\u00fdm pacient\u016fm a jejich rodin\u00e1m.<\/em><\/strong><\/p>\n","protected":false},"featured_media":223224,"template":"","meta":{"wprm-recipe-roundup-name":"","wprm-recipe-roundup-description":"","_mi_skip_tracking":false,"_genesis_hide_title":false,"_genesis_hide_breadcrumbs":false,"_genesis_hide_singular_image":false,"_genesis_custom_body_class":"","_genesis_custom_post_class":"","_genesis_layout":"full-width-content"},"product_cat":[401],"product_tag":[],"_links":{"self":[{"href":"https:\/\/www.marzicake.cz\/index.php?rest_route=\/wp\/v2\/product\/222653"}],"collection":[{"href":"https:\/\/www.marzicake.cz\/index.php?rest_route=\/wp\/v2\/product"}],"about":[{"href":"https:\/\/www.marzicake.cz\/index.php?rest_route=\/wp\/v2\/types\/product"}],"wp:featuredmedia":[{"embeddable":true,"href":"https:\/\/www.marzicake.cz\/index.php?rest_route=\/wp\/v2\/media\/223224"}],"wp:attachment":[{"href":"https:\/\/www.marzicake.cz\/index.php?rest_route=%2Fwp%2Fv2%2Fmedia&parent=222653"}],"wp:term":[{"taxonomy":"product_cat","embeddable":true,"href":"https:\/\/www.marzicake.cz\/index.php?rest_route=%2Fwp%2Fv2%2Fproduct_cat&post=222653"},{"taxonomy":"product_tag","embeddable":true,"href":"https:\/\/www.marzicake.cz\/index.php?rest_route=%2Fwp%2Fv2%2Fproduct_tag&post=222653"}],"curies":[{"name":"wp","href":"https:\/\/api.w.org\/{rel}","templated":true}]}}