{"id":56,"date":"2016-04-04T04:08:42","date_gmt":"2016-04-04T02:08:42","guid":{"rendered":"http:\/\/www.marzicake.cz\/?page_id=56"},"modified":"2023-02-15T06:13:31","modified_gmt":"2023-02-15T05:13:31","slug":"home","status":"publish","type":"page","link":"https:\/\/www.marzicake.cz\/","title":{"rendered":"Milujete sladk\u00e9, r\u00e1di pe\u010dete, nebo jen tak sb\u00edr\u00e1te kucha\u0159ky? Mo\u017en\u00e1 i hled\u00e1te n\u011bjak\u00fd ten d\u00e1rek pro n\u011bkoho bl\u00edzk\u00e9ho?"},"content":{"rendered":"\n<h2>Zakoupen\u00edm knihy &#8220;Sladk\u00e1 inspirace&#8221; m\u016f\u017eete i pom\u00e1hat.<\/h2>\n\n\n\n<p>Zakoupen\u00edm t\u00e9to knihy podpo\u0159\u00edte Kapku nad\u011bje \u2013 nadaci pom\u00e1haj\u00edc\u00ed d\u011btsk\u00fdm onkologick\u00fdm pacient\u016fm a jejich rodin\u00e1m.<\/p>\n\n\n\n<figure class=\"wp-block-image\"><img decoding=\"async\" loading=\"lazy\" width=\"902\" height=\"1024\" src=\"https:\/\/www.marzicake.cz\/wp-content\/uploads\/2019\/11\/hardcoverthickl_1983x2252-902x1024.png\" alt=\"\" class=\"wp-image-225358\" srcset=\"https:\/\/www.marzicake.cz\/wp-content\/uploads\/2019\/11\/hardcoverthickl_1983x2252-902x1024.png 902w, https:\/\/www.marzicake.cz\/wp-content\/uploads\/2019\/11\/hardcoverthickl_1983x2252-264x300.png 264w, https:\/\/www.marzicake.cz\/wp-content\/uploads\/2019\/11\/hardcoverthickl_1983x2252-768x872.png 768w, https:\/\/www.marzicake.cz\/wp-content\/uploads\/2019\/11\/hardcoverthickl_1983x2252-800x909.png 800w, https:\/\/www.marzicake.cz\/wp-content\/uploads\/2019\/11\/hardcoverthickl_1983x2252-600x681.png 600w, https:\/\/www.marzicake.cz\/wp-content\/uploads\/2019\/11\/hardcoverthickl_1983x2252.png 1983w\" sizes=\"(max-width: 902px) 100vw, 902px\" \/><\/figure>\n\n\n\n<figure class=\"is-layout-flex wp-block-gallery-1 wp-block-gallery has-nested-images columns-default is-cropped\">\n<figure class=\"wp-block-image\"><img decoding=\"async\" loading=\"lazy\" width=\"1024\" height=\"687\" data-id=\"225366\"  src=\"https:\/\/www.marzicake.cz\/wp-content\/uploads\/2019\/11\/DSC_4000-1024x687.jpg\" alt=\"\" class=\"wp-image-225366\" srcset=\"https:\/\/www.marzicake.cz\/wp-content\/uploads\/2019\/11\/DSC_4000-1024x687.jpg 1024w, https:\/\/www.marzicake.cz\/wp-content\/uploads\/2019\/11\/DSC_4000-300x201.jpg 300w, https:\/\/www.marzicake.cz\/wp-content\/uploads\/2019\/11\/DSC_4000-768x515.jpg 768w, https:\/\/www.marzicake.cz\/wp-content\/uploads\/2019\/11\/DSC_4000-800x537.jpg 800w, https:\/\/www.marzicake.cz\/wp-content\/uploads\/2019\/11\/DSC_4000-600x402.jpg 600w\" sizes=\"(max-width: 1024px) 100vw, 1024px\" \/><\/figure>\n\n\n\n<figure class=\"wp-block-image\"><img decoding=\"async\" loading=\"lazy\" width=\"1024\" height=\"678\" data-id=\"225365\"  src=\"https:\/\/www.marzicake.cz\/wp-content\/uploads\/2019\/11\/DSC_3998-1024x678.jpg\" alt=\"\" class=\"wp-image-225365\" srcset=\"https:\/\/www.marzicake.cz\/wp-content\/uploads\/2019\/11\/DSC_3998-1024x678.jpg 1024w, https:\/\/www.marzicake.cz\/wp-content\/uploads\/2019\/11\/DSC_3998-300x199.jpg 300w, https:\/\/www.marzicake.cz\/wp-content\/uploads\/2019\/11\/DSC_3998-768x509.jpg 768w, https:\/\/www.marzicake.cz\/wp-content\/uploads\/2019\/11\/DSC_3998-800x530.jpg 800w, https:\/\/www.marzicake.cz\/wp-content\/uploads\/2019\/11\/DSC_3998-600x397.jpg 600w\" sizes=\"(max-width: 1024px) 100vw, 1024px\" \/><\/figure>\n\n\n\n<figure class=\"wp-block-image\"><img decoding=\"async\" loading=\"lazy\" width=\"1024\" height=\"715\" data-id=\"225368\"  src=\"https:\/\/www.marzicake.cz\/wp-content\/uploads\/2019\/11\/DSC_4002-1024x715.jpg\" alt=\"\" class=\"wp-image-225368\" srcset=\"https:\/\/www.marzicake.cz\/wp-content\/uploads\/2019\/11\/DSC_4002-1024x715.jpg 1024w, https:\/\/www.marzicake.cz\/wp-content\/uploads\/2019\/11\/DSC_4002-300x210.jpg 300w, https:\/\/www.marzicake.cz\/wp-content\/uploads\/2019\/11\/DSC_4002-768x537.jpg 768w, https:\/\/www.marzicake.cz\/wp-content\/uploads\/2019\/11\/DSC_4002-800x559.jpg 800w, https:\/\/www.marzicake.cz\/wp-content\/uploads\/2019\/11\/DSC_4002-600x419.jpg 600w\" sizes=\"(max-width: 1024px) 100vw, 1024px\" \/><\/figure>\n<\/figure>\n","protected":false},"excerpt":{"rendered":"<p>Zakoupen\u00edm knihy &#8220;Sladk\u00e1 inspirace&#8221; m\u016f\u017eete i pom\u00e1hat. Zakoupen\u00edm t\u00e9to knihy podpo\u0159\u00edte Kapku nad\u011bje \u2013 nadaci pom\u00e1haj\u00edc\u00ed d\u011btsk\u00fdm onkologick\u00fdm pacient\u016fm a jejich rodin\u00e1m.<\/p>\n","protected":false},"author":1,"featured_media":0,"parent":0,"menu_order":0,"comment_status":"open","ping_status":"closed","template":"","meta":{"wprm-recipe-roundup-name":"","wprm-recipe-roundup-description":"","_mi_skip_tracking":false,"_genesis_hide_title":false,"_genesis_hide_breadcrumbs":false,"_genesis_hide_singular_image":false,"_genesis_custom_body_class":"","_genesis_custom_post_class":"","_genesis_layout":""},"_links":{"self":[{"href":"https:\/\/www.marzicake.cz\/index.php?rest_route=\/wp\/v2\/pages\/56"}],"collection":[{"href":"https:\/\/www.marzicake.cz\/index.php?rest_route=\/wp\/v2\/pages"}],"about":[{"href":"https:\/\/www.marzicake.cz\/index.php?rest_route=\/wp\/v2\/types\/page"}],"author":[{"embeddable":true,"href":"https:\/\/www.marzicake.cz\/index.php?rest_route=\/wp\/v2\/users\/1"}],"replies":[{"embeddable":true,"href":"https:\/\/www.marzicake.cz\/index.php?rest_route=%2Fwp%2Fv2%2Fcomments&post=56"}],"version-history":[{"count":318,"href":"https:\/\/www.marzicake.cz\/index.php?rest_route=\/wp\/v2\/pages\/56\/revisions"}],"predecessor-version":[{"id":253197,"href":"https:\/\/www.marzicake.cz\/index.php?rest_route=\/wp\/v2\/pages\/56\/revisions\/253197"}],"wp:attachment":[{"href":"https:\/\/www.marzicake.cz\/index.php?rest_route=%2Fwp%2Fv2%2Fmedia&parent=56"}],"curies":[{"name":"wp","href":"https:\/\/api.w.org\/{rel}","templated":true}]}}