{"id":3936,"date":"2017-12-31T22:54:10","date_gmt":"2017-12-31T21:54:10","guid":{"rendered":"http:\/\/www.marzicake.cz\/?page_id=3936"},"modified":"2018-04-13T20:03:23","modified_gmt":"2018-04-13T18:03:23","slug":"medovnik","status":"publish","type":"page","link":"https:\/\/www.marzicake.cz\/?page_id=3936","title":{"rendered":"Medovn\u00edk"},"content":{"rendered":"<p>V posledn\u00ed dob\u011b sleduji \u010d\u00edm d\u00e1l t\u00edm v\u00edce v\u0161echny mo\u017en\u00e9 cukr\u00e1\u0159e z v\u00fdchodu. Mus\u00edm uznat, \u017ee jejich cukr\u00e1\u0159sk\u00e9 v\u00fdtvory jsou opravdu skvostn\u00e9. Ur\u010dit\u011b nejsou inspirac\u00ed jen pro m\u011b. N\u00e1pady a preciznost je obdivuhodn\u00e1. A tak se ani nediv\u00edm, \u017ee jsme si v \u010cech\u00e1ch obl\u00edbili spousty ukrajinsk\u00fdch, rusk\u00fdch a arm\u00e9nsk\u00fdch sladkost\u00ed.<\/p>\n<p><a href=\"http:\/\/www.marzicake.cz\/wp-content\/uploads\/2017\/12\/Mini-rozkrojen\u00fdlogo.jpg\"><img decoding=\"async\" loading=\"lazy\" class=\"size-medium wp-image-3920 alignleft\" src=\"http:\/\/www.marzicake.cz\/wp-content\/uploads\/2017\/12\/Mini-rozkrojen\u00fdlogo-300x236.jpg\" alt=\"Mini rozkrojen\u00fd+logo\" width=\"300\" height=\"236\" srcset=\"https:\/\/www.marzicake.cz\/wp-content\/uploads\/2017\/12\/Mini-rozkrojen\u00fdlogo-300x236.jpg 300w, https:\/\/www.marzicake.cz\/wp-content\/uploads\/2017\/12\/Mini-rozkrojen\u00fdlogo-768x603.jpg 768w, https:\/\/www.marzicake.cz\/wp-content\/uploads\/2017\/12\/Mini-rozkrojen\u00fdlogo-1024x805.jpg 1024w, https:\/\/www.marzicake.cz\/wp-content\/uploads\/2017\/12\/Mini-rozkrojen\u00fdlogo-1080x849.jpg 1080w\" sizes=\"(max-width: 300px) 100vw, 300px\" \/><\/a>Proto jsem dnes zalistovala v se\u0161it\u011b a vyhledala recept, kter\u00fd jsem si do n\u011bj zapsala u\u017e jako mal\u00e1 holka. V t\u00e9 dob\u011b jsem ka\u017ed\u00fd rok jezdila na pr\u00e1zdniny k m\u00fdm p\u0159\u00edbuzn\u00fdm, kte\u0159\u00ed bydleli v Milovic\u00edch. Vesnice byla v minulosti \u00a0tak trochu na p\u016fl rusk\u00e1. V t\u00e9 dob\u011b jsem ani n\u00e1hodou nep\u0159em\u00fd\u0161lela, \u017ee se \u00a0recept\u00a0stane za p\u00e1r let takov\u00fdm hitem a bude jednou pojmenov\u00e1n jako &#8220;staro\u010desk\u00fd medovn\u00edk&#8221;. \ud83d\ude42 \u00a0Chu\u0165, kterou m\u00e1m v pam\u011bti je\u0161t\u011b z d\u011btstv\u00ed st\u00e1le hled\u00e1m. Mo\u017en\u00e1 je to i t\u00edm, \u017ee v receptu jsou ingredience, kter\u00e9 mus\u00edme my \u010ce\u0161i nahradit n\u011b\u010d\u00edm n\u00e1m dostupn\u00fdm. A tak mo\u017en\u00e1 pr\u00e1v\u011b proto je ka\u017ed\u00fd n\u00e1\u0161 medovn\u00edk (p\u016fvodn\u011b medovik) trochu jin\u00fd. V\u0161echny jsou ale skv\u011bl\u00e9. A ten tradi\u010dn\u00ed staro\u010desk\u00fd opravdu v \u010cech\u00e1ch vede. Proto v\u00edm, \u017ee ten m\u016fj rodinn\u00fd nen\u00ed dle chuti, na kterou jsme z obchodu zvykl\u00ed. P\u0159esto je i tak \u00fa\u017easn\u00fd. A ten, kdo miluje o\u0159echy a med, neodol\u00e1 stejn\u011b jako j\u00e1.<\/p>\n<p>N\u011bkdy d\u011bl\u00e1m \u0159ezy a jindy dort. N\u011bkdy pln\u00edm kr\u00e9mem ze Salka a jindy karamelov\u00fdm kr\u00e9mem. Ob\u011b varianty jsou skv\u011bl\u00e9 a v\u016fbec ne slo\u017eit\u00e9. Tak\u017ee sm\u011ble do toho.<\/p>\n<p><strong>Recept na t\u011bsto:\u00a0<\/strong><\/p>\n<ul>\n<li>150 g Hera m\u00e1slov\u00e1<\/li>\n<li>4 l\u017e\u00edce medu (nejl\u00e9pe tmav\u00fd)<\/li>\n<li>130 g cukru krystal<\/li>\n<li>2 cel\u00e1 vejce<\/li>\n<li>\u0161petka soli<\/li>\n<li>1 l\u017e\u00edce kakaa<\/li>\n<li>500 &#8211; 550 g hladk\u00e9 mouky<\/li>\n<li>1 l\u017ei\u010dka jedl\u00e9 sody<\/li>\n<\/ul>\n<p><strong>Rumov\u00fd rozvar:<\/strong><\/p>\n<ul>\n<li>1 l\u017e\u00edce cukru krystal<\/li>\n<li>4 l\u017e\u00edce rumu<\/li>\n<li>1 dcl vody<\/li>\n<\/ul>\n<p><strong>Recept na karamelov\u00fd kr\u00e9m:<\/strong><\/p>\n<ul>\n<li>300 ml ml\u00e9ka<\/li>\n<li>1 vanilkov\u00fd pudink<\/li>\n<li>1\/2 Hera m\u00e1slov\u00e1<\/li>\n<li>70 g cukru mou\u010dka<\/li>\n<li>2 &#8211; 3 l\u017e\u00edce dom\u00e1c\u00edho karamelu (\u00a0<a href=\"http:\/\/www.marzicake.cz\/?page_id=1416\">http:\/\/www.marzicake.cz\/?page_id=1416<\/a>) Recept naleznete v jin\u00fdch sladkostech.<\/li>\n<\/ul>\n<p><strong>2. varianta \u00a0&#8211; kr\u00e9m ze Salka:<\/strong><\/p>\n<ul>\n<li>1\/2 Hera m\u00e1slov\u00e1<\/li>\n<li>1 plechovka Salka<\/li>\n<\/ul>\n<p>&nbsp;<\/p>\n<p>P\u0159ipravte si 2 hrnce. Jeden v\u011bt\u0161\u00ed napl\u0148te vodou do 1\/4 a do men\u0161\u00edho vlo\u017ete Heru a med. V\u0161e rozpus\u0165te nad parou a p\u0159idejte cukr, s\u016fl, kakao a nakonec vejce. Voda nesm\u00ed va\u0159it, pouze zah\u0159\u00edvejte. Zaj\u00edmavost\u00ed je, \u017ee jsem mnohokr\u00e1t d\u011blala t\u011bsto i bez tohoto nah\u0159\u00edv\u00e1n\u00ed. V\u00fdsledek byl podobn\u00fd, tak\u017ee z\u00e1le\u017e\u00ed jen na v\u00e1s.\u00a0\u010casov\u011b je to srovnateln\u00e9 a s t\u011bstem se pracuje podobn\u011b. V posledn\u00ed dob\u011b jsem pou\u017eila robot s indukc\u00ed na minim\u00e1ln\u00ed stupn\u011b.<\/p>\n<p>N\u00e1sledn\u011b sejm\u011bte ze spor\u00e1ku a do hrnce zapracujte\u00a0mouku prom\u00edchanou s jedlou sodou. T\u011bsto je opravdu velmi hladk\u00e9 a dob\u0159e se s n\u00edm pracuje, kdy\u017e ho alespo\u0148 na 15 minut nech\u00e1te odpo\u010dinout v lednici.<\/p>\n<p><a href=\"http:\/\/www.marzicake.cz\/wp-content\/uploads\/2017\/12\/Vodn\u00ed-l\u00e1ze\u0148.jpg\"><img decoding=\"async\" loading=\"lazy\" class=\"alignnone wp-image-3930\" src=\"http:\/\/www.marzicake.cz\/wp-content\/uploads\/2017\/12\/Vodn\u00ed-l\u00e1ze\u0148-253x300.jpg\" alt=\"Vodn\u00ed l\u00e1ze\u0148\" width=\"143\" height=\"170\" srcset=\"https:\/\/www.marzicake.cz\/wp-content\/uploads\/2017\/12\/Vodn\u00ed-l\u00e1ze\u0148-253x300.jpg 253w, https:\/\/www.marzicake.cz\/wp-content\/uploads\/2017\/12\/Vodn\u00ed-l\u00e1ze\u0148-768x910.jpg 768w, https:\/\/www.marzicake.cz\/wp-content\/uploads\/2017\/12\/Vodn\u00ed-l\u00e1ze\u0148-864x1024.jpg 864w, https:\/\/www.marzicake.cz\/wp-content\/uploads\/2017\/12\/Vodn\u00ed-l\u00e1ze\u0148-1080x1279.jpg 1080w\" sizes=\"(max-width: 143px) 100vw, 143px\" \/><\/a>\u00a0<a href=\"http:\/\/www.marzicake.cz\/wp-content\/uploads\/2017\/12\/T\u011bsto-p\u0159ed-vyv\u00e1len\u00edm.jpg\"><img decoding=\"async\" loading=\"lazy\" class=\"alignnone wp-image-3929\" src=\"http:\/\/www.marzicake.cz\/wp-content\/uploads\/2017\/12\/T\u011bsto-p\u0159ed-vyv\u00e1len\u00edm-300x210.jpg\" alt=\"T\u011bsto p\u0159ed vyv\u00e1len\u00edm\" width=\"241\" height=\"169\" srcset=\"https:\/\/www.marzicake.cz\/wp-content\/uploads\/2017\/12\/T\u011bsto-p\u0159ed-vyv\u00e1len\u00edm-300x210.jpg 300w, https:\/\/www.marzicake.cz\/wp-content\/uploads\/2017\/12\/T\u011bsto-p\u0159ed-vyv\u00e1len\u00edm-768x538.jpg 768w, https:\/\/www.marzicake.cz\/wp-content\/uploads\/2017\/12\/T\u011bsto-p\u0159ed-vyv\u00e1len\u00edm-1024x717.jpg 1024w, https:\/\/www.marzicake.cz\/wp-content\/uploads\/2017\/12\/T\u011bsto-p\u0159ed-vyv\u00e1len\u00edm-1080x756.jpg 1080w\" sizes=\"(max-width: 241px) 100vw, 241px\" \/><\/a>\u00a0 <a href=\"http:\/\/www.marzicake.cz\/wp-content\/uploads\/2017\/12\/T\u011bsto.jpg\"><img decoding=\"async\" loading=\"lazy\" class=\"alignnone wp-image-3928\" src=\"http:\/\/www.marzicake.cz\/wp-content\/uploads\/2017\/12\/T\u011bsto-300x233.jpg\" alt=\"T\u011bsto\" width=\"219\" height=\"170\" srcset=\"https:\/\/www.marzicake.cz\/wp-content\/uploads\/2017\/12\/T\u011bsto-300x233.jpg 300w, https:\/\/www.marzicake.cz\/wp-content\/uploads\/2017\/12\/T\u011bsto-768x598.jpg 768w, https:\/\/www.marzicake.cz\/wp-content\/uploads\/2017\/12\/T\u011bsto-1024x797.jpg 1024w, https:\/\/www.marzicake.cz\/wp-content\/uploads\/2017\/12\/T\u011bsto-1080x840.jpg 1080w, https:\/\/www.marzicake.cz\/wp-content\/uploads\/2017\/12\/T\u011bsto.jpg 1852w\" sizes=\"(max-width: 219px) 100vw, 219px\" \/><\/a><\/p>\n<p><a href=\"http:\/\/www.marzicake.cz\/wp-content\/uploads\/2017\/12\/Na-kr\u00e9m.jpg\"><img decoding=\"async\" loading=\"lazy\" class=\"wp-image-3921 alignleft\" src=\"http:\/\/www.marzicake.cz\/wp-content\/uploads\/2017\/12\/Na-kr\u00e9m-300x216.jpg\" alt=\"Na kr\u00e9m\" width=\"276\" height=\"199\" srcset=\"https:\/\/www.marzicake.cz\/wp-content\/uploads\/2017\/12\/Na-kr\u00e9m-300x216.jpg 300w, https:\/\/www.marzicake.cz\/wp-content\/uploads\/2017\/12\/Na-kr\u00e9m-768x553.jpg 768w, https:\/\/www.marzicake.cz\/wp-content\/uploads\/2017\/12\/Na-kr\u00e9m-1024x737.jpg 1024w, https:\/\/www.marzicake.cz\/wp-content\/uploads\/2017\/12\/Na-kr\u00e9m-1080x777.jpg 1080w\" sizes=\"(max-width: 276px) 100vw, 276px\" \/><\/a>Mezi t\u00edm si p\u0159ipravte jeden ze dvou kr\u00e9m\u016f. P\u0159izn\u00e1m se, \u017ee m\u011b v\u00edce chutn\u00e1 ten karamelov\u00fd. Uva\u0159te pudink. Nechte vychladit a n\u00e1sledn\u011b do n\u011bj zamixujte m\u00e1slo zpracovan\u00e9 z cukrem. Nakonec p\u0159idejte karamel. Ten m\u00e1m v\u017edy po ruce v lednici.<\/p>\n<p>2.varinta kr\u00e9mu je trochu del\u0161\u00ed na p\u0159\u00edpravu. Plechovka Salka je pot\u0159eba va\u0159it minim\u00e1ln\u011b 1,5 a\u017e 2 hodiny ve vod\u011b. N\u00e1sledn\u011b nechat vychladnout a pak do n\u011bj za\u0161lehat tuk. Proto je pot\u0159eba s t\u00edmto kr\u00e9mem za\u010d\u00edt d\u0159\u00edve ne\u017e s t\u011bstem.<\/p>\n<p>T\u011bsto rozd\u011blte na 6 \u010d\u00e1st\u00ed a ka\u017edou vyvalujte zvl\u00e1\u0161\u0165 na slabou 3 mm placku. Bude se v\u00e1m s men\u0161\u00edm mno\u017estv\u00edm l\u00e9pe pracovat. N\u00e1sledn\u011b vykrajujte dle pot\u0159ebn\u00e9ho rozm\u011bru a tvaru. Je jen na v\u00e1s, zda budete m\u00edt 6 nebo 8 a v\u00edce vrstev. J\u00e1 tentokr\u00e1t pou\u017eila na <a href=\"https:\/\/www.anrdoezrs.net\/links\/8766743\/type\/dlg\/https:\/\/eshop.tescoma.cz\/forma-na-peceni---vykrajovatko-vanocni-zvonecek-delicia\">zvon 6. Tescoma<\/a> m\u011b toti\u017e st\u00e1le inspiruje. Ze zbyl\u00e9ho t\u011bsta jsem vykrojila mal\u00e1 kole\u010dka na mini medovn\u00edk.<\/p>\n<p><a href=\"http:\/\/www.marzicake.cz\/wp-content\/uploads\/2017\/12\/Vykrajov\u00e1n\u00ed.jpg\"><img decoding=\"async\" loading=\"lazy\" class=\"alignnone wp-image-3931\" src=\"http:\/\/www.marzicake.cz\/wp-content\/uploads\/2017\/12\/Vykrajov\u00e1n\u00ed-300x223.jpg\" alt=\"Vykrajov\u00e1n\u00ed\" width=\"199\" height=\"148\" srcset=\"https:\/\/www.marzicake.cz\/wp-content\/uploads\/2017\/12\/Vykrajov\u00e1n\u00ed-300x223.jpg 300w, https:\/\/www.marzicake.cz\/wp-content\/uploads\/2017\/12\/Vykrajov\u00e1n\u00ed-768x570.jpg 768w, https:\/\/www.marzicake.cz\/wp-content\/uploads\/2017\/12\/Vykrajov\u00e1n\u00ed-1024x760.jpg 1024w, https:\/\/www.marzicake.cz\/wp-content\/uploads\/2017\/12\/Vykrajov\u00e1n\u00ed-1080x801.jpg 1080w\" sizes=\"(max-width: 199px) 100vw, 199px\" \/><\/a>\u00a0<a href=\"http:\/\/www.marzicake.cz\/wp-content\/uploads\/2017\/12\/Vykrojen\u00ed-2.jpg\"><img decoding=\"async\" loading=\"lazy\" class=\"alignnone wp-image-3933\" src=\"http:\/\/www.marzicake.cz\/wp-content\/uploads\/2017\/12\/Vykrojen\u00ed-2-300x206.jpg\" alt=\"Vykrojen\u00ed 2\" width=\"216\" height=\"148\" srcset=\"https:\/\/www.marzicake.cz\/wp-content\/uploads\/2017\/12\/Vykrojen\u00ed-2-300x206.jpg 300w, https:\/\/www.marzicake.cz\/wp-content\/uploads\/2017\/12\/Vykrojen\u00ed-2-768x529.jpg 768w, https:\/\/www.marzicake.cz\/wp-content\/uploads\/2017\/12\/Vykrojen\u00ed-2-1024x705.jpg 1024w, https:\/\/www.marzicake.cz\/wp-content\/uploads\/2017\/12\/Vykrojen\u00ed-2-1080x743.jpg 1080w\" sizes=\"(max-width: 216px) 100vw, 216px\" \/><\/a>\u00a0<a href=\"http:\/\/www.marzicake.cz\/wp-content\/uploads\/2017\/12\/Vykrojen\u00ed.jpg\"><img decoding=\"async\" loading=\"lazy\" class=\"alignnone wp-image-3932\" src=\"http:\/\/www.marzicake.cz\/wp-content\/uploads\/2017\/12\/Vykrojen\u00ed-300x219.jpg\" alt=\"Vykrojen\u00ed\" width=\"203\" height=\"148\" srcset=\"https:\/\/www.marzicake.cz\/wp-content\/uploads\/2017\/12\/Vykrojen\u00ed-300x219.jpg 300w, https:\/\/www.marzicake.cz\/wp-content\/uploads\/2017\/12\/Vykrojen\u00ed-768x562.jpg 768w, https:\/\/www.marzicake.cz\/wp-content\/uploads\/2017\/12\/Vykrojen\u00ed-1024x749.jpg 1024w, https:\/\/www.marzicake.cz\/wp-content\/uploads\/2017\/12\/Vykrojen\u00ed-1080x790.jpg 1080w\" sizes=\"(max-width: 203px) 100vw, 203px\" \/><\/a><\/p>\n<p>Tvary polo\u017ete na t\u00e1c s pe\u010d\u00edc\u00edm pap\u00edrem. troubu rozeh\u0159ejte na 165\u00b0C a pe\u010dte na horkovzduch 10 minut. Je\u0161t\u011b tepl\u00e9 znovu formou vykrojte. Pe\u010den\u00edm toti\u017e v\u00e1\u0161 tvar trochu zv\u011bt\u0161\u00ed rozm\u011br. To se v\u00e1m ale hod\u00ed. Pot\u0159ebujete toti\u017e p\u00e1r upe\u010den\u00fdch zbytk\u016f t\u011bsta. Ty n\u00e1sledn\u011b rozdrt\u00edte v\u00e1le\u010dkem. Jemn\u00e9 drobe\u010dky pak vyu\u017eijete na dozdoben\u00ed a posyp.<\/p>\n<p><a href=\"http:\/\/www.marzicake.cz\/wp-content\/uploads\/2017\/12\/Po-upe\u010den\u00ed.jpg\"><img decoding=\"async\" loading=\"lazy\" class=\"alignnone wp-image-3922\" src=\"http:\/\/www.marzicake.cz\/wp-content\/uploads\/2017\/12\/Po-upe\u010den\u00ed-300x211.jpg\" alt=\"Po upe\u010den\u00ed\" width=\"200\" height=\"141\" srcset=\"https:\/\/www.marzicake.cz\/wp-content\/uploads\/2017\/12\/Po-upe\u010den\u00ed-300x211.jpg 300w, https:\/\/www.marzicake.cz\/wp-content\/uploads\/2017\/12\/Po-upe\u010den\u00ed-768x540.jpg 768w, https:\/\/www.marzicake.cz\/wp-content\/uploads\/2017\/12\/Po-upe\u010den\u00ed-1024x720.jpg 1024w, https:\/\/www.marzicake.cz\/wp-content\/uploads\/2017\/12\/Po-upe\u010den\u00ed-1080x759.jpg 1080w\" sizes=\"(max-width: 200px) 100vw, 200px\" \/><\/a>\u00a0<a href=\"http:\/\/www.marzicake.cz\/wp-content\/uploads\/2017\/12\/Po-upe\u010den\u00ed-2.jpg\"><img decoding=\"async\" loading=\"lazy\" class=\"alignnone wp-image-3923\" src=\"http:\/\/www.marzicake.cz\/wp-content\/uploads\/2017\/12\/Po-upe\u010den\u00ed-2-300x205.jpg\" alt=\"Po upe\u010den\u00ed 2\" width=\"205\" height=\"140\" srcset=\"https:\/\/www.marzicake.cz\/wp-content\/uploads\/2017\/12\/Po-upe\u010den\u00ed-2-300x205.jpg 300w, https:\/\/www.marzicake.cz\/wp-content\/uploads\/2017\/12\/Po-upe\u010den\u00ed-2-768x525.jpg 768w, https:\/\/www.marzicake.cz\/wp-content\/uploads\/2017\/12\/Po-upe\u010den\u00ed-2-1024x700.jpg 1024w, https:\/\/www.marzicake.cz\/wp-content\/uploads\/2017\/12\/Po-upe\u010den\u00ed-2-1080x738.jpg 1080w\" sizes=\"(max-width: 205px) 100vw, 205px\" \/><\/a>\u00a0<a href=\"http:\/\/www.marzicake.cz\/wp-content\/uploads\/2017\/12\/Rozdrcen\u00ed-okrojen\u00e9ho-t\u011bsta.jpg\"><img decoding=\"async\" loading=\"lazy\" class=\"alignnone wp-image-3927\" src=\"http:\/\/www.marzicake.cz\/wp-content\/uploads\/2017\/12\/Rozdrcen\u00ed-okrojen\u00e9ho-t\u011bsta-300x205.jpg\" alt=\"Rozdrcen\u00ed okrojen\u00e9ho t\u011bsta\" width=\"203\" height=\"139\" srcset=\"https:\/\/www.marzicake.cz\/wp-content\/uploads\/2017\/12\/Rozdrcen\u00ed-okrojen\u00e9ho-t\u011bsta-300x205.jpg 300w, https:\/\/www.marzicake.cz\/wp-content\/uploads\/2017\/12\/Rozdrcen\u00ed-okrojen\u00e9ho-t\u011bsta-768x525.jpg 768w, https:\/\/www.marzicake.cz\/wp-content\/uploads\/2017\/12\/Rozdrcen\u00ed-okrojen\u00e9ho-t\u011bsta-1024x700.jpg 1024w, https:\/\/www.marzicake.cz\/wp-content\/uploads\/2017\/12\/Rozdrcen\u00ed-okrojen\u00e9ho-t\u011bsta-1080x738.jpg 1080w\" sizes=\"(max-width: 203px) 100vw, 203px\" \/><\/a><\/p>\n<p>P\u0159ipravte si rumov\u00fd rozvar. V\u0161echny ingredience nechte proj\u00edt varem a n\u00e1sledn\u011b vychladnout. Pak u\u017e jen ka\u017edou upe\u010den\u00fd pl\u00e1t pot\u0159ete rozvarem a pak kr\u00e9mem. Takto postupujte st\u00e1le do kola. Nakonec pot\u0159ete cel\u00fd tvar stejn\u011b a posypte rozdrcenou strouhankou z medov\u00e9ho t\u011bsta. Ozdoby jsou u\u017e na va\u0161\u00ed fantazii. O\u0159echy a mandle budou ur\u010dit\u011b volba, kter\u00e1 jen pozvedne chu\u0165 medovn\u00edku.<\/p>\n<p><a href=\"http:\/\/www.marzicake.cz\/wp-content\/uploads\/2017\/12\/Mini-medovn\u00edk-s-pern\u00ed\u010dkylogo.jpg\"><img decoding=\"async\" loading=\"lazy\" class=\"alignnone wp-image-3919\" src=\"http:\/\/www.marzicake.cz\/wp-content\/uploads\/2017\/12\/Mini-medovn\u00edk-s-pern\u00ed\u010dkylogo-249x300.jpg\" alt=\"Mini medovn\u00edk s pern\u00ed\u010dky+logo\" width=\"169\" height=\"204\" srcset=\"https:\/\/www.marzicake.cz\/wp-content\/uploads\/2017\/12\/Mini-medovn\u00edk-s-pern\u00ed\u010dkylogo-249x300.jpg 249w, https:\/\/www.marzicake.cz\/wp-content\/uploads\/2017\/12\/Mini-medovn\u00edk-s-pern\u00ed\u010dkylogo-768x924.jpg 768w, https:\/\/www.marzicake.cz\/wp-content\/uploads\/2017\/12\/Mini-medovn\u00edk-s-pern\u00ed\u010dkylogo-851x1024.jpg 851w, https:\/\/www.marzicake.cz\/wp-content\/uploads\/2017\/12\/Mini-medovn\u00edk-s-pern\u00ed\u010dkylogo-1080x1300.jpg 1080w\" sizes=\"(max-width: 169px) 100vw, 169px\" \/><\/a>\u00a0<a href=\"http:\/\/www.marzicake.cz\/wp-content\/uploads\/2017\/12\/Mini-medovn\u00edk-s-pern\u00ed\u010dky-c.jpg\"><img decoding=\"async\" loading=\"lazy\" class=\"alignnone size-medium wp-image-3938\" src=\"http:\/\/www.marzicake.cz\/wp-content\/uploads\/2017\/12\/Mini-medovn\u00edk-s-pern\u00ed\u010dky-c-300x210.jpg\" alt=\"Mini medovn\u00edk s pern\u00ed\u010dky c\" width=\"300\" height=\"210\" srcset=\"https:\/\/www.marzicake.cz\/wp-content\/uploads\/2017\/12\/Mini-medovn\u00edk-s-pern\u00ed\u010dky-c-300x210.jpg 300w, https:\/\/www.marzicake.cz\/wp-content\/uploads\/2017\/12\/Mini-medovn\u00edk-s-pern\u00ed\u010dky-c-768x538.jpg 768w, https:\/\/www.marzicake.cz\/wp-content\/uploads\/2017\/12\/Mini-medovn\u00edk-s-pern\u00ed\u010dky-c-1024x717.jpg 1024w, https:\/\/www.marzicake.cz\/wp-content\/uploads\/2017\/12\/Mini-medovn\u00edk-s-pern\u00ed\u010dky-c-1080x757.jpg 1080w\" sizes=\"(max-width: 300px) 100vw, 300px\" \/><\/a>\u00a0<a href=\"http:\/\/www.marzicake.cz\/wp-content\/uploads\/2017\/12\/Mini-medovn\u00edk-s-pern\u00ed\u010dky-alogo-1.jpg\"><img decoding=\"async\" loading=\"lazy\" class=\"alignnone wp-image-3917\" src=\"http:\/\/www.marzicake.cz\/wp-content\/uploads\/2017\/12\/Mini-medovn\u00edk-s-pern\u00ed\u010dky-alogo-1-270x300.jpg\" alt=\"Mini medovn\u00edk s pern\u00ed\u010dky a+logo 1\" width=\"187\" height=\"208\" srcset=\"https:\/\/www.marzicake.cz\/wp-content\/uploads\/2017\/12\/Mini-medovn\u00edk-s-pern\u00ed\u010dky-alogo-1-270x300.jpg 270w, https:\/\/www.marzicake.cz\/wp-content\/uploads\/2017\/12\/Mini-medovn\u00edk-s-pern\u00ed\u010dky-alogo-1-604x670.jpg 604w, https:\/\/www.marzicake.cz\/wp-content\/uploads\/2017\/12\/Mini-medovn\u00edk-s-pern\u00ed\u010dky-alogo-1-800x888.jpg 800w, https:\/\/www.marzicake.cz\/wp-content\/uploads\/2017\/12\/Mini-medovn\u00edk-s-pern\u00ed\u010dky-alogo-1-600x666.jpg 600w, https:\/\/www.marzicake.cz\/wp-content\/uploads\/2017\/12\/Mini-medovn\u00edk-s-pern\u00ed\u010dky-alogo-1-768x853.jpg 768w, https:\/\/www.marzicake.cz\/wp-content\/uploads\/2017\/12\/Mini-medovn\u00edk-s-pern\u00ed\u010dky-alogo-1-923x1024.jpg 923w, https:\/\/www.marzicake.cz\/wp-content\/uploads\/2017\/12\/Mini-medovn\u00edk-s-pern\u00ed\u010dky-alogo-1-1080x1199.jpg 1080w\" sizes=\"(max-width: 187px) 100vw, 187px\" \/><\/a><\/p>\n<p>&nbsp;<\/p>\n<p>&nbsp;<\/p>\n<p>&nbsp;<\/p>\n<div class=\"article_body bbtext\">\n<div class=\"bbtext\">\n<p>&nbsp;<\/p>\n<\/div>\n<\/div>\n","protected":false},"excerpt":{"rendered":"<p>V posledn\u00ed dob\u011b sleduji \u010d\u00edm d\u00e1l t\u00edm v\u00edce v\u0161echny mo\u017en\u00e9 cukr\u00e1\u0159e z v\u00fdchodu. Mus\u00edm uznat, \u017ee jejich cukr\u00e1\u0159sk\u00e9 v\u00fdtvory jsou opravdu skvostn\u00e9. Ur\u010dit\u011b nejsou inspirac\u00ed jen pro m\u011b. N\u00e1pady a preciznost je obdivuhodn\u00e1. A tak se ani nediv\u00edm, \u017ee jsme si v \u010cech\u00e1ch obl\u00edbili spousty ukrajinsk\u00fdch, rusk\u00fdch a arm\u00e9nsk\u00fdch sladkost\u00ed. Proto jsem dnes zalistovala v&#8230;<\/p>\n<p><a class=\"more-link\" href=\"https:\/\/www.marzicake.cz\/?page_id=3936\">\u010cti d\u00e1l<\/a><\/p>\n","protected":false},"author":1,"featured_media":3934,"parent":106,"menu_order":0,"comment_status":"closed","ping_status":"closed","template":"","meta":{"wprm-recipe-roundup-name":"","wprm-recipe-roundup-description":"","_mi_skip_tracking":false,"_genesis_hide_title":false,"_genesis_hide_breadcrumbs":false,"_genesis_hide_singular_image":false,"_genesis_custom_body_class":"","_genesis_custom_post_class":"","_genesis_layout":""},"_links":{"self":[{"href":"https:\/\/www.marzicake.cz\/index.php?rest_route=\/wp\/v2\/pages\/3936"}],"collection":[{"href":"https:\/\/www.marzicake.cz\/index.php?rest_route=\/wp\/v2\/pages"}],"about":[{"href":"https:\/\/www.marzicake.cz\/index.php?rest_route=\/wp\/v2\/types\/page"}],"author":[{"embeddable":true,"href":"https:\/\/www.marzicake.cz\/index.php?rest_route=\/wp\/v2\/users\/1"}],"replies":[{"embeddable":true,"href":"https:\/\/www.marzicake.cz\/index.php?rest_route=%2Fwp%2Fv2%2Fcomments&post=3936"}],"version-history":[{"count":6,"href":"https:\/\/www.marzicake.cz\/index.php?rest_route=\/wp\/v2\/pages\/3936\/revisions"}],"predecessor-version":[{"id":4176,"href":"https:\/\/www.marzicake.cz\/index.php?rest_route=\/wp\/v2\/pages\/3936\/revisions\/4176"}],"up":[{"embeddable":true,"href":"https:\/\/www.marzicake.cz\/index.php?rest_route=\/wp\/v2\/pages\/106"}],"wp:featuredmedia":[{"embeddable":true,"href":"https:\/\/www.marzicake.cz\/index.php?rest_route=\/wp\/v2\/media\/3934"}],"wp:attachment":[{"href":"https:\/\/www.marzicake.cz\/index.php?rest_route=%2Fwp%2Fv2%2Fmedia&parent=3936"}],"curies":[{"name":"wp","href":"https:\/\/api.w.org\/{rel}","templated":true}]}}