{"id":222871,"date":"2018-09-12T08:01:04","date_gmt":"2018-09-12T08:01:04","guid":{"rendered":"http:\/\/demos.lovelyconfetti.com\/emma\/shop\/"},"modified":"2023-02-15T06:14:54","modified_gmt":"2023-02-15T05:14:54","slug":"shop","status":"publish","type":"page","link":"https:\/\/www.marzicake.cz\/?page_id=222871","title":{"rendered":"Koupit knihu"},"content":{"rendered":"\n<p><strong>Kniha m\u016f\u017ee slou\u017eit jako inspirace pro v\u00e1s, kte\u0159\u00ed milujete sladk\u00e9 nebo pl\u00e1nujete r\u016fzn\u00e9 rodinn\u00e9 oslavy. Porad\u00ed i p\u0159i velk\u00fdch slavnostn\u00edch p\u0159\u00edle\u017eitostech. Je p\u0159edev\u0161\u00edm o sladk\u00e9m designu.<\/strong><\/p>\n\n\n\n<p>P\u0159esto\u017ee je pouze o sladk\u00e9m, nen\u00ed motivac\u00ed k jeho ka\u017edodenn\u00ed konzumaci. Sladkost by m\u011bla b\u00fdt slavnost. A p\u0159esn\u011b tak i j\u00e1 ke sladkostem p\u0159istupuji. Proto je kniha \u010dlen\u011bna na \u010d\u00e1sti, podle nejv\u00fdznamn\u011bj\u0161\u00edch slavnostn\u00edch ud\u00e1lost\u00ed v&nbsp;roce.<\/p>\n\n\n\n<p><strong><em>Kniha je vyd\u00e1v\u00e1na ve spolupr\u00e1ci s Kapkou nad\u011bje. Zakoupen\u00edm t\u00e9to knihy podpo\u0159\u00edte nadaci Kapka nad\u011bje, pom\u00e1haj\u00edc\u00ed d\u011btsk\u00fdm onkologick\u00fdm pacient\u016fm a jejich rodin\u00e1m.<\/em><\/strong><\/p>\n\n\n\n<p><\/p>\n\n\n\n<p>Z\u00e1jemci ze Slovenska m\u011b pros\u00edm kontaktujte na e-mail: marzicake@email.cz. D\u011bkuji.<\/p>\n","protected":false},"excerpt":{"rendered":"<p>Kniha m\u016f\u017ee slou\u017eit jako inspirace pro v\u00e1s, kte\u0159\u00ed milujete sladk\u00e9 nebo pl\u00e1nujete r\u016fzn\u00e9 rodinn\u00e9 oslavy. Porad\u00ed i p\u0159i velk\u00fdch slavnostn\u00edch p\u0159\u00edle\u017eitostech. Je p\u0159edev\u0161\u00edm o sladk\u00e9m designu. P\u0159esto\u017ee je pouze o sladk\u00e9m, nen\u00ed motivac\u00ed k jeho ka\u017edodenn\u00ed konzumaci. Sladkost by m\u011bla b\u00fdt slavnost. A p\u0159esn\u011b tak i j\u00e1 ke sladkostem p\u0159istupuji. Proto je kniha \u010dlen\u011bna na&#8230;<\/p>\n<p><a class=\"more-link\" href=\"https:\/\/www.marzicake.cz\/?page_id=222871\">\u010cti d\u00e1l<\/a><\/p>\n","protected":false},"author":1,"featured_media":223224,"parent":0,"menu_order":0,"comment_status":"closed","ping_status":"closed","template":"","meta":{"wprm-recipe-roundup-name":"","wprm-recipe-roundup-description":"","_mi_skip_tracking":false,"_genesis_hide_title":false,"_genesis_hide_breadcrumbs":false,"_genesis_hide_singular_image":false,"_genesis_custom_body_class":"","_genesis_custom_post_class":"","_genesis_layout":"full-width-content"},"_links":{"self":[{"href":"https:\/\/www.marzicake.cz\/index.php?rest_route=\/wp\/v2\/pages\/222871"}],"collection":[{"href":"https:\/\/www.marzicake.cz\/index.php?rest_route=\/wp\/v2\/pages"}],"about":[{"href":"https:\/\/www.marzicake.cz\/index.php?rest_route=\/wp\/v2\/types\/page"}],"author":[{"embeddable":true,"href":"https:\/\/www.marzicake.cz\/index.php?rest_route=\/wp\/v2\/users\/1"}],"replies":[{"embeddable":true,"href":"https:\/\/www.marzicake.cz\/index.php?rest_route=%2Fwp%2Fv2%2Fcomments&post=222871"}],"version-history":[{"count":12,"href":"https:\/\/www.marzicake.cz\/index.php?rest_route=\/wp\/v2\/pages\/222871\/revisions"}],"predecessor-version":[{"id":253198,"href":"https:\/\/www.marzicake.cz\/index.php?rest_route=\/wp\/v2\/pages\/222871\/revisions\/253198"}],"wp:featuredmedia":[{"embeddable":true,"href":"https:\/\/www.marzicake.cz\/index.php?rest_route=\/wp\/v2\/media\/223224"}],"wp:attachment":[{"href":"https:\/\/www.marzicake.cz\/index.php?rest_route=%2Fwp%2Fv2%2Fmedia&parent=222871"}],"curies":[{"name":"wp","href":"https:\/\/api.w.org\/{rel}","templated":true}]}}