{"id":222829,"date":"2018-09-11T10:16:54","date_gmt":"2018-09-11T10:16:54","guid":{"rendered":"http:\/\/demos.lovelyconfetti.com\/emma\/?page_id=222829"},"modified":"2019-11-01T13:06:09","modified_gmt":"2019-11-01T12:06:09","slug":"contact","status":"publish","type":"page","link":"https:\/\/www.marzicake.cz\/?page_id=222829","title":{"rendered":"Kontakt"},"content":{"rendered":"\n<p>M\u016f\u017eete m\u011b kontaktovat p\u0159es formul\u00e1\u0159 n\u00ed\u017ee, nebo na e-mail: marzicake@email.cz<\/p>\n\n\n<div class=\"info_image_section section\"><div class=\"container\"><div class=\"row\"><div class=\"one-half pull-left \"><a href=\"#\"><img class=\"img-responsive\" alt=\"placeholder image\" src=\"http:\/\/www.marzicake.cz\/wp-content\/uploads\/2018\/01\/Valent%C3%BDn-2018-2logo.jpg\" \/><\/a><\/div><div class=\"one-half pull-right\"><p><div role=\"form\" class=\"wpcf7\" id=\"wpcf7-f222868-o1\" lang=\"en-US\" dir=\"ltr\">\n<div class=\"screen-reader-response\"><p role=\"status\" aria-live=\"polite\" aria-atomic=\"true\"><\/p> <ul><\/ul><\/div>\n<form action=\"\/index.php?rest_route=%2Fwp%2Fv2%2Fpages%2F222829#wpcf7-f222868-o1\" method=\"post\" class=\"wpcf7-form init\" novalidate=\"novalidate\" data-status=\"init\">\n<div style=\"display: none;\">\n<input type=\"hidden\" name=\"_wpcf7\" value=\"222868\" \/>\n<input type=\"hidden\" name=\"_wpcf7_version\" value=\"5.6.4\" \/>\n<input type=\"hidden\" name=\"_wpcf7_locale\" value=\"en_US\" \/>\n<input type=\"hidden\" name=\"_wpcf7_unit_tag\" value=\"wpcf7-f222868-o1\" \/>\n<input type=\"hidden\" name=\"_wpcf7_container_post\" value=\"0\" \/>\n<input type=\"hidden\" name=\"_wpcf7_posted_data_hash\" value=\"\" \/>\n<\/div>\n<p><label> Email<br \/>\n    <span class=\"wpcf7-form-control-wrap\" data-name=\"your-email\"><input type=\"email\" name=\"your-email\" value=\"\" size=\"40\" class=\"wpcf7-form-control wpcf7-text wpcf7-email wpcf7-validates-as-required wpcf7-validates-as-email\" aria-required=\"true\" aria-invalid=\"false\" \/><\/span> <\/label><\/p>\n<p><label> P\u0159edm\u011bt<br \/>\n    <span class=\"wpcf7-form-control-wrap\" data-name=\"your-subject\"><input type=\"text\" name=\"your-subject\" value=\"\" size=\"40\" class=\"wpcf7-form-control wpcf7-text\" aria-invalid=\"false\" \/><\/span> <\/label><\/p>\n<p><label> Zpr\u00e1va<br \/>\n    <span class=\"wpcf7-form-control-wrap\" data-name=\"your-message\"><textarea name=\"your-message\" cols=\"40\" rows=\"10\" class=\"wpcf7-form-control wpcf7-textarea\" aria-invalid=\"false\"><\/textarea><\/span> <\/label><\/p>\n<p><input type=\"submit\" value=\"Odeslat\" class=\"wpcf7-form-control has-spinner wpcf7-submit\" \/><\/p>\n<div class=\"wpcf7-response-output\" aria-hidden=\"true\"><\/div><\/form><\/div><\/p><\/div><\/div><\/div><\/div>\n","protected":false},"excerpt":{"rendered":"<p>M\u016f\u017eete m\u011b kontaktovat p\u0159es formul\u00e1\u0159 n\u00ed\u017ee, nebo na e-mail: marzicake@email.cz<\/p>\n","protected":false},"author":1,"featured_media":3993,"parent":0,"menu_order":0,"comment_status":"closed","ping_status":"closed","template":"","meta":{"wprm-recipe-roundup-name":"","wprm-recipe-roundup-description":"","_mi_skip_tracking":false,"_genesis_hide_title":false,"_genesis_hide_breadcrumbs":false,"_genesis_hide_singular_image":false,"_genesis_custom_body_class":"","_genesis_custom_post_class":"","_genesis_layout":"full-width-content"},"_links":{"self":[{"href":"https:\/\/www.marzicake.cz\/index.php?rest_route=\/wp\/v2\/pages\/222829"}],"collection":[{"href":"https:\/\/www.marzicake.cz\/index.php?rest_route=\/wp\/v2\/pages"}],"about":[{"href":"https:\/\/www.marzicake.cz\/index.php?rest_route=\/wp\/v2\/types\/page"}],"author":[{"embeddable":true,"href":"https:\/\/www.marzicake.cz\/index.php?rest_route=\/wp\/v2\/users\/1"}],"replies":[{"embeddable":true,"href":"https:\/\/www.marzicake.cz\/index.php?rest_route=%2Fwp%2Fv2%2Fcomments&post=222829"}],"version-history":[{"count":16,"href":"https:\/\/www.marzicake.cz\/index.php?rest_route=\/wp\/v2\/pages\/222829\/revisions"}],"predecessor-version":[{"id":224766,"href":"https:\/\/www.marzicake.cz\/index.php?rest_route=\/wp\/v2\/pages\/222829\/revisions\/224766"}],"wp:featuredmedia":[{"embeddable":true,"href":"https:\/\/www.marzicake.cz\/index.php?rest_route=\/wp\/v2\/media\/3993"}],"wp:attachment":[{"href":"https:\/\/www.marzicake.cz\/index.php?rest_route=%2Fwp%2Fv2%2Fmedia&parent=222829"}],"curies":[{"name":"wp","href":"https:\/\/api.w.org\/{rel}","templated":true}]}}