{"id":1135,"date":"2016-05-01T18:11:08","date_gmt":"2016-05-01T16:11:08","guid":{"rendered":"http:\/\/www.marzicake.cz\/?page_id=1135"},"modified":"2020-05-10T18:00:46","modified_gmt":"2020-05-10T16:00:46","slug":"domaci-vanilkove-vafle","status":"publish","type":"page","link":"https:\/\/www.marzicake.cz\/?page_id=1135","title":{"rendered":"Dom\u00e1c\u00ed vanilkov\u00e9 vafle"},"content":{"rendered":"<p><strong>Recept na vafle:<\/strong><\/p>\n<p><strong>150 g hladk\u00e9 mouky (i sm\u011bs z polohrub\u00e9)<\/strong><\/p>\n<p><strong>7 g pr\u00e1\u0161ku do pe\u010diva + \u0161petka soli<\/strong><\/p>\n<p><strong>35 g krupicov\u00e9ho cukru<\/strong><\/p>\n<p><strong>50 g Hera m\u00e1slov\u00e1<\/strong><\/p>\n<p><strong>1 vejce (\u017eloutek a u\u0161lehan\u00fd b\u00edlek)<\/strong><\/p>\n<p><strong>1\/4 litru ml\u00e9ka \u00a0+ \u00a01\/2 s\u00e1\u010dku vanilkov\u00e9ho cukru<\/strong><\/p>\n<p>V\u0161e u\u0161lehejte a nechte \u00a020 minut odle\u017eet. N\u00e1sledn\u011b nal\u00e9vejte do vaflova\u010de.<\/p>\n<p>P\u0159izn\u00e1m se, \u017ee jsem vaflova\u010d nikdy nem\u011bla. Zakoupila jsem ho ned\u00e1vno v supermarketu Lidl. Byla jsem mile p\u0159ekvapen\u00e1 z ceny, ale i z v\u00fdsledku m\u00e9ho tvo\u0159en\u00ed. Recept jsem znala d\u00e1vno a n\u011bkdy ho pou\u017e\u00edvala pro mal\u00e9 l\u00edvane\u010dky. Je prost\u011b \u00fa\u017easn\u00fd a jedl\u00fd. To je ov\u0161em na fotografi\u00edch vid\u011bt. Ne\u017e jsem si sta\u010dila fotky ud\u011blat vafli\u010dky p\u011bkn\u011b mizely&#8230; \ud83d\ude42<\/p>\n<p><img decoding=\"async\" loading=\"lazy\" class=\"alignnone size-medium wp-image-224311\" src=\"http:\/\/www.marzicake.cz\/wp-content\/uploads\/2019\/10\/logo-300x225.jpg\" alt=\"\" width=\"300\" height=\"225\" srcset=\"https:\/\/www.marzicake.cz\/wp-content\/uploads\/2019\/10\/logo-300x225.jpg 300w, https:\/\/www.marzicake.cz\/wp-content\/uploads\/2019\/10\/logo-768x576.jpg 768w, https:\/\/www.marzicake.cz\/wp-content\/uploads\/2019\/10\/logo-1024x768.jpg 1024w, https:\/\/www.marzicake.cz\/wp-content\/uploads\/2019\/10\/logo-800x600.jpg 800w, https:\/\/www.marzicake.cz\/wp-content\/uploads\/2019\/10\/logo-500x375.jpg 500w, https:\/\/www.marzicake.cz\/wp-content\/uploads\/2019\/10\/logo-600x450.jpg 600w\" sizes=\"(max-width: 300px) 100vw, 300px\" \/><\/p>\n<p><a href=\"http:\/\/www.marzicake.cz\/wp-content\/uploads\/2016\/05\/vafle-3-bLOGO.jpg\"><img decoding=\"async\" loading=\"lazy\" class=\"alignnone size-medium wp-image-1129\" src=\"http:\/\/www.marzicake.cz\/wp-content\/uploads\/2016\/05\/vafle-3-bLOGO-300x225.jpg\" alt=\"vafle 3 b+LOGO\" width=\"300\" height=\"225\" \/><\/a>\u00a0 \u00a0 \u00a0<a href=\"http:\/\/www.marzicake.cz\/wp-content\/uploads\/2016\/05\/vafleLOGO.jpg\"><img decoding=\"async\" loading=\"lazy\" class=\"alignnone size-medium wp-image-1128\" src=\"http:\/\/www.marzicake.cz\/wp-content\/uploads\/2016\/05\/vafleLOGO-300x225.jpg\" alt=\"vafle+LOGO\" width=\"300\" height=\"225\" \/><\/a><\/p>\n<h3>Pohankov\u00e9 vafle<\/h3>\n<ul>\n<li><strong>100 g pohankov\u00e9 mouky<\/strong> (nebo rozmixovanou pohanku l\u00e1manku)<\/li>\n<li><strong>250 ml kokosov\u00e9ho ml\u00e9ka<\/strong><\/li>\n<li><strong>1 vejce<\/strong><\/li>\n<li><strong>2 &#8211; 3 l\u017ei\u010dky t\u0159tinov\u00e9ho cukru<\/strong><\/li>\n<li><strong>\u0161petka soli<\/strong><\/li>\n<li><strong>\u0161petka pr.do pe\u010diva<\/strong><\/li>\n<li>1 l\u017ei\u010dka kokosov\u00e9ho oleje(nemus\u00ed b\u00fdt)<\/li>\n<\/ul>\n<p>Vejce, t\u0159tinov\u00fd cukr, s\u016fl a olej sm\u00edchejte. Pak p\u0159im\u00edchejte ml\u00e9ko a nakonec pohankovou mouku spojenou\u00a0s pr.do pe\u010diva. V\u0161e d\u016fkladn\u011b prom\u00edchejte. Nesm\u00ed b\u00fdt hrudky. M\u016f\u017eete pou\u017e\u00edt i ru\u010dn\u00ed mix\u00e9r. A pak u\u017e zapn\u011bte vaflova\u010d. Zdobit m\u016f\u017eete \u010dokol\u00e1dou, javorov\u00fdm sirupem nebo karamelem. Hlavn\u011b nezapome\u0148te na pekan o\u0159echy.<\/p>\n<p><a href=\"http:\/\/www.marzicake.cz\/wp-content\/uploads\/2017\/02\/\u010cern\u00e1logo.jpg\"><img decoding=\"async\" loading=\"lazy\" class=\"alignnone size-medium wp-image-3218\" src=\"http:\/\/www.marzicake.cz\/wp-content\/uploads\/2017\/02\/\u010cern\u00e1logo-236x300.jpg\" alt=\"\u010cern\u00e1+logo\" width=\"236\" height=\"300\" srcset=\"https:\/\/www.marzicake.cz\/wp-content\/uploads\/2017\/02\/\u010cern\u00e1logo-236x300.jpg 236w, https:\/\/www.marzicake.cz\/wp-content\/uploads\/2017\/02\/\u010cern\u00e1logo-768x975.jpg 768w, https:\/\/www.marzicake.cz\/wp-content\/uploads\/2017\/02\/\u010cern\u00e1logo-806x1024.jpg 806w, https:\/\/www.marzicake.cz\/wp-content\/uploads\/2017\/02\/\u010cern\u00e1logo-1080x1371.jpg 1080w\" sizes=\"(max-width: 236px) 100vw, 236px\" \/><\/a>\u00a0\u00a0<a href=\"http:\/\/www.marzicake.cz\/wp-content\/uploads\/2017\/02\/Sv\u011btl\u00e1-2logo.jpg\"><img decoding=\"async\" loading=\"lazy\" class=\"alignnone size-medium wp-image-3217\" src=\"http:\/\/www.marzicake.cz\/wp-content\/uploads\/2017\/02\/Sv\u011btl\u00e1-2logo-200x300.jpg\" alt=\"Sv\u011btl\u00e1 2+logo\" width=\"200\" height=\"300\" srcset=\"https:\/\/www.marzicake.cz\/wp-content\/uploads\/2017\/02\/Sv\u011btl\u00e1-2logo-200x300.jpg 200w, https:\/\/www.marzicake.cz\/wp-content\/uploads\/2017\/02\/Sv\u011btl\u00e1-2logo-768x1152.jpg 768w, https:\/\/www.marzicake.cz\/wp-content\/uploads\/2017\/02\/Sv\u011btl\u00e1-2logo-683x1024.jpg 683w, https:\/\/www.marzicake.cz\/wp-content\/uploads\/2017\/02\/Sv\u011btl\u00e1-2logo-1080x1620.jpg 1080w\" sizes=\"(max-width: 200px) 100vw, 200px\" \/><\/a><\/p>\n<h3><a href=\"http:\/\/www.marzicake.cz\/wp-content\/uploads\/2017\/06\/Tescoma-vafle-2-logo.jpg\"><img decoding=\"async\" loading=\"lazy\" class=\"size-medium wp-image-3569 alignleft\" src=\"http:\/\/www.marzicake.cz\/wp-content\/uploads\/2017\/06\/Tescoma-vafle-2-logo-200x300.jpg\" alt=\"Tescoma vafle 2 +logo\" width=\"200\" height=\"300\" srcset=\"https:\/\/www.marzicake.cz\/wp-content\/uploads\/2017\/06\/Tescoma-vafle-2-logo-200x300.jpg 200w, https:\/\/www.marzicake.cz\/wp-content\/uploads\/2017\/06\/Tescoma-vafle-2-logo-768x1152.jpg 768w, https:\/\/www.marzicake.cz\/wp-content\/uploads\/2017\/06\/Tescoma-vafle-2-logo-683x1024.jpg 683w, https:\/\/www.marzicake.cz\/wp-content\/uploads\/2017\/06\/Tescoma-vafle-2-logo-800x1200.jpg 800w, https:\/\/www.marzicake.cz\/wp-content\/uploads\/2017\/06\/Tescoma-vafle-2-logo-600x900.jpg 600w, https:\/\/www.marzicake.cz\/wp-content\/uploads\/2017\/06\/Tescoma-vafle-2-logo-1080x1620.jpg 1080w\" sizes=\"(max-width: 200px) 100vw, 200px\" \/><\/a>Dom\u00e1c\u00ed vafle pe\u010den\u00e9 v troub\u011b<\/h3>\n<ul>\n<li><strong>2 vejce<\/strong><\/li>\n<li><strong>1\/2 s\u00e1\u010dku vanilkov\u00e9ho cukru<\/strong><\/li>\n<li><strong>70 g cukru krupice<\/strong><\/li>\n<li><strong>\u0161petka soli<\/strong><\/li>\n<li><strong>100 ml ml\u00e9ka<\/strong><\/li>\n<li><strong>80 g\u00a0Hera\u00a0<\/strong><\/li>\n<li><strong>175 g polohrub\u00e9 mouky (m\u016f\u017ee b\u00fdt i z poloviny hladk\u00e1)<\/strong><\/li>\n<li><strong>7 g pr\u00e1\u0161ku\u00a0do pe\u010diva<\/strong><\/li>\n<\/ul>\n<p>Vejce s cukrem vy\u0161lehejte do p\u011bny. Doporu\u010duji i 3 minuty \u0161leh\u00e1n\u00ed. N\u00e1sledn\u011b za\u0161lehejte olej. Postupn\u011b p\u0159idejte ostatn\u00ed suroviny. Mouku s prom\u00edchan\u00fdm pr\u00e1\u0161kem do pe\u010diva ale a\u017e na konec.<\/p>\n<p>Troubu rozeh\u0159ejte na 180\u00b0C. Pol\u00e9vkovou l\u017e\u00edc\u00ed napl\u0148te do formy s <a href=\"https:\/\/www.anrdoezrs.net\/links\/8766743\/type\/dlg\/https:\/\/eshop.tescoma.cz\/forma-vafle-della-casa\">Tescomy<\/a>, tak aby v\u00fdstupy formy nebyly skryty. Postupujte prost\u011b p\u0159esn\u011b podle n\u00e1vodu. I j\u00e1 jsem se \u0159\u00eddila receptem, ale m\u011bla jsem pravd\u011bpodobn\u011b vejce v\u011bt\u0161\u00ed velikosti. T\u00edm jsem nem\u011bla 12 vafl\u00ed, ale 16. To se v\u00e1m prost\u011b tak\u00e9 m\u016f\u017ee st\u00e1t. \ud83d\ude42 Jinak zdoben\u00ed je na va\u0161\u00ed chuti. Mascarpone, \u0161leha\u010dka, zakysan\u00e1 smetana, pachol\u00edk \u010di jogurt oboha\u0165te ovocem. Nakonec m\u016f\u017eete stejn\u011b jako j\u00e1 i posypat mandlemi. \ud83d\ude42<\/p>\n<p><a href=\"http:\/\/www.marzicake.cz\/wp-content\/uploads\/2017\/06\/Tescoma-vafle-7.jpg\"><img decoding=\"async\" loading=\"lazy\" class=\"alignnone size-medium wp-image-3576\" src=\"http:\/\/www.marzicake.cz\/wp-content\/uploads\/2017\/06\/Tescoma-vafle-7-300x200.jpg\" alt=\"Tescoma vafle 7\" width=\"300\" height=\"200\" srcset=\"https:\/\/www.marzicake.cz\/wp-content\/uploads\/2017\/06\/Tescoma-vafle-7-300x200.jpg 300w, https:\/\/www.marzicake.cz\/wp-content\/uploads\/2017\/06\/Tescoma-vafle-7-768x512.jpg 768w, https:\/\/www.marzicake.cz\/wp-content\/uploads\/2017\/06\/Tescoma-vafle-7-1024x683.jpg 1024w, https:\/\/www.marzicake.cz\/wp-content\/uploads\/2017\/06\/Tescoma-vafle-7-1080x720.jpg 1080w\" sizes=\"(max-width: 300px) 100vw, 300px\" \/><\/a>\u00a0<a href=\"http:\/\/www.marzicake.cz\/wp-content\/uploads\/2017\/06\/Tescoma-vafle-8logo.jpg\"><img decoding=\"async\" loading=\"lazy\" class=\"alignnone wp-image-3574\" src=\"http:\/\/www.marzicake.cz\/wp-content\/uploads\/2017\/06\/Tescoma-vafle-8logo-200x300.jpg\" alt=\"Tescoma vafle 8+logo\" width=\"133\" height=\"200\" srcset=\"https:\/\/www.marzicake.cz\/wp-content\/uploads\/2017\/06\/Tescoma-vafle-8logo-200x300.jpg 200w, https:\/\/www.marzicake.cz\/wp-content\/uploads\/2017\/06\/Tescoma-vafle-8logo-768x1152.jpg 768w, https:\/\/www.marzicake.cz\/wp-content\/uploads\/2017\/06\/Tescoma-vafle-8logo-683x1024.jpg 683w, https:\/\/www.marzicake.cz\/wp-content\/uploads\/2017\/06\/Tescoma-vafle-8logo-1080x1620.jpg 1080w\" sizes=\"(max-width: 133px) 100vw, 133px\" \/><\/a>\u00a0<a href=\"http:\/\/www.marzicake.cz\/wp-content\/uploads\/2017\/06\/Tescoma-vafle-6-logo.jpg\"><img decoding=\"async\" loading=\"lazy\" class=\"alignnone wp-image-3573\" src=\"http:\/\/www.marzicake.cz\/wp-content\/uploads\/2017\/06\/Tescoma-vafle-6-logo-200x300.jpg\" alt=\"Tescoma vafle 6 +logo\" width=\"133\" height=\"200\" srcset=\"https:\/\/www.marzicake.cz\/wp-content\/uploads\/2017\/06\/Tescoma-vafle-6-logo-200x300.jpg 200w, https:\/\/www.marzicake.cz\/wp-content\/uploads\/2017\/06\/Tescoma-vafle-6-logo-768x1152.jpg 768w, https:\/\/www.marzicake.cz\/wp-content\/uploads\/2017\/06\/Tescoma-vafle-6-logo-683x1024.jpg 683w, https:\/\/www.marzicake.cz\/wp-content\/uploads\/2017\/06\/Tescoma-vafle-6-logo-1080x1620.jpg 1080w\" sizes=\"(max-width: 133px) 100vw, 133px\" \/><\/a><\/p>\n<p><a href=\"http:\/\/www.marzicake.cz\/wp-content\/uploads\/2017\/06\/Tescoma-vafle-logo.jpg\"><img decoding=\"async\" loading=\"lazy\" class=\"alignnone wp-image-3575\" src=\"http:\/\/www.marzicake.cz\/wp-content\/uploads\/2017\/06\/Tescoma-vafle-logo-200x300.jpg\" alt=\"Tescoma vafle +logo\" width=\"137\" height=\"206\" srcset=\"https:\/\/www.marzicake.cz\/wp-content\/uploads\/2017\/06\/Tescoma-vafle-logo-200x300.jpg 200w, https:\/\/www.marzicake.cz\/wp-content\/uploads\/2017\/06\/Tescoma-vafle-logo-800x1200.jpg 800w, https:\/\/www.marzicake.cz\/wp-content\/uploads\/2017\/06\/Tescoma-vafle-logo-600x900.jpg 600w, https:\/\/www.marzicake.cz\/wp-content\/uploads\/2017\/06\/Tescoma-vafle-logo-768x1152.jpg 768w, https:\/\/www.marzicake.cz\/wp-content\/uploads\/2017\/06\/Tescoma-vafle-logo-683x1024.jpg 683w, https:\/\/www.marzicake.cz\/wp-content\/uploads\/2017\/06\/Tescoma-vafle-logo-1080x1620.jpg 1080w\" sizes=\"(max-width: 137px) 100vw, 137px\" \/><\/a>\u00a0<a href=\"http:\/\/www.marzicake.cz\/wp-content\/uploads\/2017\/06\/Tescoma-vafle-5logo.jpg\"><img decoding=\"async\" loading=\"lazy\" class=\"alignnone wp-image-3572\" src=\"http:\/\/www.marzicake.cz\/wp-content\/uploads\/2017\/06\/Tescoma-vafle-5logo-200x300.jpg\" alt=\"Tescoma vafle 5+logo\" width=\"137\" height=\"206\" srcset=\"https:\/\/www.marzicake.cz\/wp-content\/uploads\/2017\/06\/Tescoma-vafle-5logo-200x300.jpg 200w, https:\/\/www.marzicake.cz\/wp-content\/uploads\/2017\/06\/Tescoma-vafle-5logo-768x1152.jpg 768w, https:\/\/www.marzicake.cz\/wp-content\/uploads\/2017\/06\/Tescoma-vafle-5logo-683x1024.jpg 683w, https:\/\/www.marzicake.cz\/wp-content\/uploads\/2017\/06\/Tescoma-vafle-5logo-1080x1620.jpg 1080w\" sizes=\"(max-width: 137px) 100vw, 137px\" \/><\/a>\u00a0<a href=\"http:\/\/www.marzicake.cz\/wp-content\/uploads\/2017\/06\/Tescoma-vafle-4-logo.jpg\"><img decoding=\"async\" loading=\"lazy\" class=\"alignnone wp-image-3571\" src=\"http:\/\/www.marzicake.cz\/wp-content\/uploads\/2017\/06\/Tescoma-vafle-4-logo-200x300.jpg\" alt=\"Tescoma vafle 4 +logo\" width=\"138\" height=\"207\" srcset=\"https:\/\/www.marzicake.cz\/wp-content\/uploads\/2017\/06\/Tescoma-vafle-4-logo-200x300.jpg 200w, https:\/\/www.marzicake.cz\/wp-content\/uploads\/2017\/06\/Tescoma-vafle-4-logo-768x1152.jpg 768w, https:\/\/www.marzicake.cz\/wp-content\/uploads\/2017\/06\/Tescoma-vafle-4-logo-683x1024.jpg 683w, https:\/\/www.marzicake.cz\/wp-content\/uploads\/2017\/06\/Tescoma-vafle-4-logo-1080x1620.jpg 1080w\" sizes=\"(max-width: 138px) 100vw, 138px\" \/><\/a>\u00a0<a href=\"http:\/\/www.marzicake.cz\/wp-content\/uploads\/2017\/06\/Tescoma-vafle-3logo.jpg\"><img decoding=\"async\" loading=\"lazy\" class=\"alignnone wp-image-3570\" src=\"http:\/\/www.marzicake.cz\/wp-content\/uploads\/2017\/06\/Tescoma-vafle-3logo-200x300.jpg\" alt=\"Tescoma vafle 3+logo\" width=\"138\" height=\"207\" srcset=\"https:\/\/www.marzicake.cz\/wp-content\/uploads\/2017\/06\/Tescoma-vafle-3logo-200x300.jpg 200w, https:\/\/www.marzicake.cz\/wp-content\/uploads\/2017\/06\/Tescoma-vafle-3logo-768x1152.jpg 768w, https:\/\/www.marzicake.cz\/wp-content\/uploads\/2017\/06\/Tescoma-vafle-3logo-683x1024.jpg 683w, https:\/\/www.marzicake.cz\/wp-content\/uploads\/2017\/06\/Tescoma-vafle-3logo-1080x1620.jpg 1080w\" sizes=\"(max-width: 138px) 100vw, 138px\" \/><\/a><\/p>\n","protected":false},"excerpt":{"rendered":"<p>Recept na vafle: 150 g hladk\u00e9 mouky (i sm\u011bs z polohrub\u00e9) 7 g pr\u00e1\u0161ku do pe\u010diva + \u0161petka soli 35 g krupicov\u00e9ho cukru 50 g Hera m\u00e1slov\u00e1 1 vejce (\u017eloutek a u\u0161lehan\u00fd b\u00edlek) 1\/4 litru ml\u00e9ka \u00a0+ \u00a01\/2 s\u00e1\u010dku vanilkov\u00e9ho cukru V\u0161e u\u0161lehejte a nechte \u00a020 minut odle\u017eet. N\u00e1sledn\u011b nal\u00e9vejte do vaflova\u010de. P\u0159izn\u00e1m se, \u017ee&#8230;<\/p>\n<p><a class=\"more-link\" href=\"https:\/\/www.marzicake.cz\/?page_id=1135\">\u010cti d\u00e1l<\/a><\/p>\n","protected":false},"author":1,"featured_media":1130,"parent":1410,"menu_order":0,"comment_status":"closed","ping_status":"closed","template":"","meta":{"wprm-recipe-roundup-name":"","wprm-recipe-roundup-description":"","_mi_skip_tracking":false,"_genesis_hide_title":false,"_genesis_hide_breadcrumbs":false,"_genesis_hide_singular_image":false,"_genesis_custom_body_class":"","_genesis_custom_post_class":"","_genesis_layout":""},"_links":{"self":[{"href":"https:\/\/www.marzicake.cz\/index.php?rest_route=\/wp\/v2\/pages\/1135"}],"collection":[{"href":"https:\/\/www.marzicake.cz\/index.php?rest_route=\/wp\/v2\/pages"}],"about":[{"href":"https:\/\/www.marzicake.cz\/index.php?rest_route=\/wp\/v2\/types\/page"}],"author":[{"embeddable":true,"href":"https:\/\/www.marzicake.cz\/index.php?rest_route=\/wp\/v2\/users\/1"}],"replies":[{"embeddable":true,"href":"https:\/\/www.marzicake.cz\/index.php?rest_route=%2Fwp%2Fv2%2Fcomments&post=1135"}],"version-history":[{"count":11,"href":"https:\/\/www.marzicake.cz\/index.php?rest_route=\/wp\/v2\/pages\/1135\/revisions"}],"predecessor-version":[{"id":229916,"href":"https:\/\/www.marzicake.cz\/index.php?rest_route=\/wp\/v2\/pages\/1135\/revisions\/229916"}],"up":[{"embeddable":true,"href":"https:\/\/www.marzicake.cz\/index.php?rest_route=\/wp\/v2\/pages\/1410"}],"wp:featuredmedia":[{"embeddable":true,"href":"https:\/\/www.marzicake.cz\/index.php?rest_route=\/wp\/v2\/media\/1130"}],"wp:attachment":[{"href":"https:\/\/www.marzicake.cz\/index.php?rest_route=%2Fwp%2Fv2%2Fmedia&parent=1135"}],"curies":[{"name":"wp","href":"https:\/\/api.w.org\/{rel}","templated":true}]}}